{"id":755,"date":"2024-02-16T13:26:45","date_gmt":"2024-02-16T16:26:45","guid":{"rendered":"https:\/\/rhevoce.online\/estoque\/?post_type=product&#038;p=755"},"modified":"2026-03-24T08:04:07","modified_gmt":"2026-03-24T11:04:07","slug":"saco-plastico-para-celula-10x20","status":"publish","type":"product","link":"https:\/\/rhevoce.online\/estoque\/index.php\/product\/saco-plastico-para-celula-10x20\/","title":{"rendered":"SACO PL\u00c1STICO PARA C\u00c9LULA 10X20"},"content":{"rendered":"<p>Sacos pl\u00e1stico para c\u00e9lula de dinheiro<\/p>\n","protected":false},"excerpt":{"rendered":"<p>Sacos pl\u00e1stico para c\u00e9lula de dinheiro<\/p>\n","protected":false},"featured_media":756,"comment_status":"open","ping_status":"closed","template":"","meta":[],"product_brand":[],"product_cat":[57],"product_tag":[132],"class_list":{"0":"post-755","1":"product","2":"type-product","3":"status-publish","4":"has-post-thumbnail","6":"product_cat-material-escritorio","7":"product_tag-saco-plastico-para-dinheiro","8":"description-off","10":"first","11":"instock","12":"sale","13":"taxable","14":"shipping-taxable","15":"purchasable","16":"product-type-simple"},"_links":{"self":[{"href":"https:\/\/rhevoce.online\/estoque\/index.php\/wp-json\/wp\/v2\/product\/755","targetHints":{"allow":["GET"]}}],"collection":[{"href":"https:\/\/rhevoce.online\/estoque\/index.php\/wp-json\/wp\/v2\/product"}],"about":[{"href":"https:\/\/rhevoce.online\/estoque\/index.php\/wp-json\/wp\/v2\/types\/product"}],"replies":[{"embeddable":true,"href":"https:\/\/rhevoce.online\/estoque\/index.php\/wp-json\/wp\/v2\/comments?post=755"}],"version-history":[{"count":1,"href":"https:\/\/rhevoce.online\/estoque\/index.php\/wp-json\/wp\/v2\/product\/755\/revisions"}],"predecessor-version":[{"id":757,"href":"https:\/\/rhevoce.online\/estoque\/index.php\/wp-json\/wp\/v2\/product\/755\/revisions\/757"}],"wp:featuredmedia":[{"embeddable":true,"href":"https:\/\/rhevoce.online\/estoque\/index.php\/wp-json\/wp\/v2\/media\/756"}],"wp:attachment":[{"href":"https:\/\/rhevoce.online\/estoque\/index.php\/wp-json\/wp\/v2\/media?parent=755"}],"wp:term":[{"taxonomy":"product_brand","embeddable":true,"href":"https:\/\/rhevoce.online\/estoque\/index.php\/wp-json\/wp\/v2\/product_brand?post=755"},{"taxonomy":"product_cat","embeddable":true,"href":"https:\/\/rhevoce.online\/estoque\/index.php\/wp-json\/wp\/v2\/product_cat?post=755"},{"taxonomy":"product_tag","embeddable":true,"href":"https:\/\/rhevoce.online\/estoque\/index.php\/wp-json\/wp\/v2\/product_tag?post=755"}],"curies":[{"name":"wp","href":"https:\/\/api.w.org\/{rel}","templated":true}]}}