{"id":598,"date":"2023-11-30T08:28:29","date_gmt":"2023-11-30T11:28:29","guid":{"rendered":"https:\/\/rhevoce.online\/estoque\/?post_type=product&#038;p=598"},"modified":"2025-10-22T08:27:25","modified_gmt":"2025-10-22T11:27:25","slug":"acucar-cristal-itaja-pacote-5kg","status":"publish","type":"product","link":"https:\/\/rhevoce.online\/estoque\/index.php\/product\/acucar-cristal-itaja-pacote-5kg\/","title":{"rendered":"A\u00c7\u00daCAR CRISTAL TA\u00cd PACOTE 5KG"},"content":{"rendered":"<p>A\u00e7ucar ta\u00ed 5 kg<\/p>\n","protected":false},"excerpt":{"rendered":"<p>A\u00e7ucar ta\u00ed 5 kg<\/p>\n","protected":false},"featured_media":739,"comment_status":"open","ping_status":"closed","template":"","meta":[],"product_brand":[],"product_cat":[17],"product_tag":[121],"class_list":{"0":"post-598","1":"product","2":"type-product","3":"status-publish","4":"has-post-thumbnail","6":"product_cat-material-uso-e-consumo","7":"product_tag-acucar-5kg","8":"description-off","10":"first","11":"instock","12":"sale","13":"taxable","14":"shipping-taxable","15":"purchasable","16":"product-type-simple"},"_links":{"self":[{"href":"https:\/\/rhevoce.online\/estoque\/index.php\/wp-json\/wp\/v2\/product\/598","targetHints":{"allow":["GET"]}}],"collection":[{"href":"https:\/\/rhevoce.online\/estoque\/index.php\/wp-json\/wp\/v2\/product"}],"about":[{"href":"https:\/\/rhevoce.online\/estoque\/index.php\/wp-json\/wp\/v2\/types\/product"}],"replies":[{"embeddable":true,"href":"https:\/\/rhevoce.online\/estoque\/index.php\/wp-json\/wp\/v2\/comments?post=598"}],"version-history":[{"count":2,"href":"https:\/\/rhevoce.online\/estoque\/index.php\/wp-json\/wp\/v2\/product\/598\/revisions"}],"predecessor-version":[{"id":740,"href":"https:\/\/rhevoce.online\/estoque\/index.php\/wp-json\/wp\/v2\/product\/598\/revisions\/740"}],"wp:featuredmedia":[{"embeddable":true,"href":"https:\/\/rhevoce.online\/estoque\/index.php\/wp-json\/wp\/v2\/media\/739"}],"wp:attachment":[{"href":"https:\/\/rhevoce.online\/estoque\/index.php\/wp-json\/wp\/v2\/media?parent=598"}],"wp:term":[{"taxonomy":"product_brand","embeddable":true,"href":"https:\/\/rhevoce.online\/estoque\/index.php\/wp-json\/wp\/v2\/product_brand?post=598"},{"taxonomy":"product_cat","embeddable":true,"href":"https:\/\/rhevoce.online\/estoque\/index.php\/wp-json\/wp\/v2\/product_cat?post=598"},{"taxonomy":"product_tag","embeddable":true,"href":"https:\/\/rhevoce.online\/estoque\/index.php\/wp-json\/wp\/v2\/product_tag?post=598"}],"curies":[{"name":"wp","href":"https:\/\/api.w.org\/{rel}","templated":true}]}}