{"id":1663,"date":"2025-09-23T08:23:16","date_gmt":"2025-09-23T11:23:16","guid":{"rendered":"https:\/\/rhevoce.online\/estoque\/?post_type=product&#038;p=1663"},"modified":"2025-09-23T08:23:36","modified_gmt":"2025-09-23T11:23:36","slug":"agua-mineral-mariza-sem-gas-500-ml","status":"publish","type":"product","link":"https:\/\/rhevoce.online\/estoque\/index.php\/product\/agua-mineral-mariza-sem-gas-500-ml\/","title":{"rendered":"\u00c1GUA MINERAL MARIZA SEM G\u00c1S 500 ML"},"content":{"rendered":"<p>\u00c1gua sem g\u00e1s 500ml<\/p>\n","protected":false},"excerpt":{"rendered":"<p>\u00c1gua sem g\u00e1s 500ml<\/p>\n","protected":false},"featured_media":1665,"comment_status":"open","ping_status":"closed","template":"","meta":[],"product_brand":[],"product_cat":[15],"product_tag":[],"class_list":{"0":"post-1663","1":"product","2":"type-product","3":"status-publish","4":"has-post-thumbnail","6":"product_cat-material-de-limpeza","7":"description-off","9":"first","10":"instock","11":"sale","12":"taxable","13":"shipping-taxable","14":"purchasable","15":"product-type-simple"},"_links":{"self":[{"href":"https:\/\/rhevoce.online\/estoque\/index.php\/wp-json\/wp\/v2\/product\/1663","targetHints":{"allow":["GET"]}}],"collection":[{"href":"https:\/\/rhevoce.online\/estoque\/index.php\/wp-json\/wp\/v2\/product"}],"about":[{"href":"https:\/\/rhevoce.online\/estoque\/index.php\/wp-json\/wp\/v2\/types\/product"}],"replies":[{"embeddable":true,"href":"https:\/\/rhevoce.online\/estoque\/index.php\/wp-json\/wp\/v2\/comments?post=1663"}],"version-history":[{"count":1,"href":"https:\/\/rhevoce.online\/estoque\/index.php\/wp-json\/wp\/v2\/product\/1663\/revisions"}],"predecessor-version":[{"id":1666,"href":"https:\/\/rhevoce.online\/estoque\/index.php\/wp-json\/wp\/v2\/product\/1663\/revisions\/1666"}],"wp:featuredmedia":[{"embeddable":true,"href":"https:\/\/rhevoce.online\/estoque\/index.php\/wp-json\/wp\/v2\/media\/1665"}],"wp:attachment":[{"href":"https:\/\/rhevoce.online\/estoque\/index.php\/wp-json\/wp\/v2\/media?parent=1663"}],"wp:term":[{"taxonomy":"product_brand","embeddable":true,"href":"https:\/\/rhevoce.online\/estoque\/index.php\/wp-json\/wp\/v2\/product_brand?post=1663"},{"taxonomy":"product_cat","embeddable":true,"href":"https:\/\/rhevoce.online\/estoque\/index.php\/wp-json\/wp\/v2\/product_cat?post=1663"},{"taxonomy":"product_tag","embeddable":true,"href":"https:\/\/rhevoce.online\/estoque\/index.php\/wp-json\/wp\/v2\/product_tag?post=1663"}],"curies":[{"name":"wp","href":"https:\/\/api.w.org\/{rel}","templated":true}]}}