{"id":145,"date":"2023-09-11T10:59:42","date_gmt":"2023-09-11T13:59:42","guid":{"rendered":"https:\/\/rhevoce.online\/estoque\/?post_type=product&#038;p=145"},"modified":"2024-05-09T16:07:06","modified_gmt":"2024-05-09T19:07:06","slug":"porta-lapis-acrilico-com-porta-lembrete-e-clips-fume-acrinil","status":"publish","type":"product","link":"https:\/\/rhevoce.online\/estoque\/index.php\/product\/porta-lapis-acrilico-com-porta-lembrete-e-clips-fume-acrinil\/","title":{"rendered":"PORTA L\u00c1PIS ACR\u00cdLICO COM PORTA LEMBRETE E CLIPS FUM\u00ca &#8211; ACRINIL"},"content":{"rendered":"<p>Porta l\u00e1pis<\/p>\n","protected":false},"excerpt":{"rendered":"<p>Porta l\u00e1pis<\/p>\n","protected":false},"featured_media":146,"comment_status":"open","ping_status":"closed","template":"","meta":[],"product_brand":[],"product_cat":[57],"product_tag":[58],"class_list":{"0":"post-145","1":"product","2":"type-product","3":"status-publish","4":"has-post-thumbnail","6":"product_cat-material-escritorio","7":"product_tag-porta-lapis","8":"description-off","10":"first","11":"outofstock","12":"sale","13":"taxable","14":"shipping-taxable","15":"purchasable","16":"product-type-simple"},"_links":{"self":[{"href":"https:\/\/rhevoce.online\/estoque\/index.php\/wp-json\/wp\/v2\/product\/145","targetHints":{"allow":["GET"]}}],"collection":[{"href":"https:\/\/rhevoce.online\/estoque\/index.php\/wp-json\/wp\/v2\/product"}],"about":[{"href":"https:\/\/rhevoce.online\/estoque\/index.php\/wp-json\/wp\/v2\/types\/product"}],"replies":[{"embeddable":true,"href":"https:\/\/rhevoce.online\/estoque\/index.php\/wp-json\/wp\/v2\/comments?post=145"}],"version-history":[{"count":1,"href":"https:\/\/rhevoce.online\/estoque\/index.php\/wp-json\/wp\/v2\/product\/145\/revisions"}],"predecessor-version":[{"id":476,"href":"https:\/\/rhevoce.online\/estoque\/index.php\/wp-json\/wp\/v2\/product\/145\/revisions\/476"}],"wp:featuredmedia":[{"embeddable":true,"href":"https:\/\/rhevoce.online\/estoque\/index.php\/wp-json\/wp\/v2\/media\/146"}],"wp:attachment":[{"href":"https:\/\/rhevoce.online\/estoque\/index.php\/wp-json\/wp\/v2\/media?parent=145"}],"wp:term":[{"taxonomy":"product_brand","embeddable":true,"href":"https:\/\/rhevoce.online\/estoque\/index.php\/wp-json\/wp\/v2\/product_brand?post=145"},{"taxonomy":"product_cat","embeddable":true,"href":"https:\/\/rhevoce.online\/estoque\/index.php\/wp-json\/wp\/v2\/product_cat?post=145"},{"taxonomy":"product_tag","embeddable":true,"href":"https:\/\/rhevoce.online\/estoque\/index.php\/wp-json\/wp\/v2\/product_tag?post=145"}],"curies":[{"name":"wp","href":"https:\/\/api.w.org\/{rel}","templated":true}]}}